{"id":73,"date":"2023-03-15T14:28:50","date_gmt":"2023-03-15T14:28:50","guid":{"rendered":"https:\/\/xn--gebudereinigung-shahham-x7b.de\/?page_id=73"},"modified":"2023-04-01T07:32:46","modified_gmt":"2023-04-01T07:32:46","slug":"uber-uns","status":"publish","type":"page","link":"https:\/\/xn--gebudereinigung-shahham-x7b.de\/index.php\/uber-uns\/","title":{"rendered":"\u00dcber uns"},"content":{"rendered":"\t\t<div data-elementor-type=\"wp-page\" data-elementor-id=\"73\" class=\"elementor elementor-73\">\n\t\t\t\t\t\t<section class=\"elementor-section elementor-top-section elementor-element elementor-element-16922dc4 elementor-section-boxed elementor-section-height-default elementor-section-height-default\" data-id=\"16922dc4\" data-element_type=\"section\" data-e-type=\"section\" data-settings=\"{&quot;background_background&quot;:&quot;classic&quot;,&quot;shape_divider_bottom&quot;:&quot;split&quot;}\">\n\t\t\t\t\t\t\t<div class=\"elementor-background-overlay\"><\/div>\n\t\t\t\t\t\t<div class=\"elementor-shape elementor-shape-bottom\" aria-hidden=\"true\" data-negative=\"false\">\n\t\t\t<svg xmlns=\"http:\/\/www.w3.org\/2000\/svg\" viewBox=\"0 0 1000 20\" preserveAspectRatio=\"none\">\n\t<path class=\"elementor-shape-fill\" d=\"M0,0v3c0,0,393.8,0,483.4,0c9.2,0,16.6,7.4,16.6,16.6c0-9.1,7.4-16.6,16.6-16.6C606.2,3,1000,3,1000,3V0H0z\"\/>\n<\/svg>\t\t<\/div>\n\t\t\t\t\t<div class=\"elementor-container elementor-column-gap-no\">\n\t\t\t\t\t<div class=\"elementor-column elementor-col-100 elementor-top-column elementor-element elementor-element-278b1bc6\" data-id=\"278b1bc6\" data-element_type=\"column\" data-e-type=\"column\">\n\t\t\t<div class=\"elementor-widget-wrap elementor-element-populated\">\n\t\t\t\t\t\t<section class=\"elementor-section elementor-inner-section elementor-element elementor-element-22847c52 elementor-section-boxed elementor-section-height-default elementor-section-height-default\" data-id=\"22847c52\" data-element_type=\"section\" data-e-type=\"section\">\n\t\t\t\t\t\t<div class=\"elementor-container elementor-column-gap-default\">\n\t\t\t\t\t<div class=\"elementor-column elementor-col-100 elementor-inner-column elementor-element elementor-element-1578e505\" data-id=\"1578e505\" data-element_type=\"column\" data-e-type=\"column\">\n\t\t\t<div class=\"elementor-widget-wrap elementor-element-populated\">\n\t\t\t\t\t\t<div class=\"elementor-element elementor-element-6f5d1c8e elementor-widget elementor-widget-heading\" data-id=\"6f5d1c8e\" data-element_type=\"widget\" data-e-type=\"widget\" data-widget_type=\"heading.default\">\n\t\t\t\t<div class=\"elementor-widget-container\">\n\t\t\t\t\t<h2 class=\"elementor-heading-title elementor-size-default\">About Us<\/h2>\t\t\t\t<\/div>\n\t\t\t\t<\/div>\n\t\t\t\t\t<\/div>\n\t\t<\/div>\n\t\t\t\t\t<\/div>\n\t\t<\/section>\n\t\t\t\t\t<\/div>\n\t\t<\/div>\n\t\t\t\t\t<\/div>\n\t\t<\/section>\n\t\t\t\t<section class=\"elementor-section elementor-top-section elementor-element elementor-element-bc62bb0 elementor-section-content-middle elementor-section-boxed elementor-section-height-default elementor-section-height-default\" data-id=\"bc62bb0\" data-element_type=\"section\" data-e-type=\"section\" data-settings=\"{&quot;background_background&quot;:&quot;gradient&quot;}\">\n\t\t\t\t\t\t<div class=\"elementor-container elementor-column-gap-default\">\n\t\t\t\t\t<div class=\"elementor-column elementor-col-50 elementor-top-column elementor-element elementor-element-336f201\" data-id=\"336f201\" data-element_type=\"column\" data-e-type=\"column\">\n\t\t\t<div class=\"elementor-widget-wrap elementor-element-populated\">\n\t\t\t\t\t\t<div class=\"elementor-element elementor-element-2d1c914 elementor-widget elementor-widget-image\" data-id=\"2d1c914\" data-element_type=\"widget\" data-e-type=\"widget\" data-widget_type=\"image.default\">\n\t\t\t\t<div class=\"elementor-widget-container\">\n\t\t\t\t\t\t\t\t\t\t\t\t\t\t\t<img fetchpriority=\"high\" decoding=\"async\" width=\"1024\" height=\"896\" src=\"https:\/\/xn--gebudereinigung-shahham-x7b.de\/wp-content\/uploads\/2023\/03\/PHOTO-2023-03-19-13-01-58.jpg\" class=\"attachment-full size-full wp-image-180\" alt=\"\" srcset=\"https:\/\/xn--gebudereinigung-shahham-x7b.de\/wp-content\/uploads\/2023\/03\/PHOTO-2023-03-19-13-01-58.jpg 1024w, https:\/\/xn--gebudereinigung-shahham-x7b.de\/wp-content\/uploads\/2023\/03\/PHOTO-2023-03-19-13-01-58-600x525.jpg 600w, https:\/\/xn--gebudereinigung-shahham-x7b.de\/wp-content\/uploads\/2023\/03\/PHOTO-2023-03-19-13-01-58-300x263.jpg 300w, https:\/\/xn--gebudereinigung-shahham-x7b.de\/wp-content\/uploads\/2023\/03\/PHOTO-2023-03-19-13-01-58-768x672.jpg 768w\" sizes=\"(max-width: 1024px) 100vw, 1024px\" \/>\t\t\t\t\t\t\t\t\t\t\t\t\t\t\t<\/div>\n\t\t\t\t<\/div>\n\t\t\t\t\t<\/div>\n\t\t<\/div>\n\t\t\t\t<div class=\"elementor-column elementor-col-50 elementor-top-column elementor-element elementor-element-49aceca\" data-id=\"49aceca\" data-element_type=\"column\" data-e-type=\"column\">\n\t\t\t<div class=\"elementor-widget-wrap elementor-element-populated\">\n\t\t\t\t\t\t<div class=\"elementor-element elementor-element-ca30255 elementor-widget elementor-widget-heading\" data-id=\"ca30255\" data-element_type=\"widget\" data-e-type=\"widget\" data-widget_type=\"heading.default\">\n\t\t\t\t<div class=\"elementor-widget-container\">\n\t\t\t\t\t<h5 class=\"elementor-heading-title elementor-size-default\">\u00dcber Uns<\/h5>\t\t\t\t<\/div>\n\t\t\t\t<\/div>\n\t\t\t\t<div class=\"elementor-element elementor-element-0341f70 elementor-widget elementor-widget-heading\" data-id=\"0341f70\" data-element_type=\"widget\" data-e-type=\"widget\" data-widget_type=\"heading.default\">\n\t\t\t\t<div class=\"elementor-widget-container\">\n\t\t\t\t\t<h2 class=\"elementor-heading-title elementor-size-default\">Shahham f\u00fcr Geb\u00e4udereinigung<\/h2>\t\t\t\t<\/div>\n\t\t\t\t<\/div>\n\t\t\t\t<div class=\"elementor-element elementor-element-a49864d elementor-widget elementor-widget-text-editor\" data-id=\"a49864d\" data-element_type=\"widget\" data-e-type=\"widget\" data-widget_type=\"text-editor.default\">\n\t\t\t\t<div class=\"elementor-widget-container\">\n\t\t\t\t\t\t\t\t\t<p>Shahham f\u00fcr Geb\u00e4udereinigung ist Ihr professioneller Geb\u00e4udereinigungsdienstleister. Wir bieten Ihnen einen umfassenden Service f\u00fcr alle Arten von Reinigungen. Unser Angebot umfasst individuelle Reinigungsl\u00f6sungen, die auf Ihre spezifischen Bed\u00fcrfnisse zugeschnitten sind. Zu unseren Leistungen geh\u00f6ren Geb\u00e4udereinigung, Endreinigung, Zwischenreinigung, Wohnungs- und Unterhaltsreinigung, Winterdienst und Schneer\u00e4umung, Reinigung von Dachrinnen und Regenrinnen, Haushaltsaufl\u00f6sung, B\u00fcro- und Praxisreinigung, Hotel- und Restaurantreinigung, Treppenhausreinigung und Industriereinigung. Vertrauen Sie auf unsere Erfahrung und unser geschultes Personal f\u00fcr eine gr\u00fcndliche Reinigung Ihres Geb\u00e4udes.<\/p>\t\t\t\t\t\t\t\t<\/div>\n\t\t\t\t<\/div>\n\t\t\t\t\t<\/div>\n\t\t<\/div>\n\t\t\t\t\t<\/div>\n\t\t<\/section>\n\t\t\t\t<\/div>\n\t\t","protected":false},"excerpt":{"rendered":"<p>\u00dcber Uns Shahham f\u00fcr Geb\u00e4udereinigung Shahham f\u00fcr Geb\u00e4udereinigung ist Ihr professioneller Geb\u00e4udereinigungsdienstleister. Wir bieten Ihnen einen umfassenden Service f\u00fcr alle Arten von Reinigungen. Unser Angebot umfasst individuelle Reinigungsl\u00f6sungen, die auf Ihre spezifischen Bed\u00fcrfnisse zugeschnitten sind. Zu unseren Leistungen geh\u00f6ren Geb\u00e4udereinigung, Endreinigung, Zwischenreinigung, Wohnungs- und Unterhaltsreinigung, Winterdienst und Schneer\u00e4umung, Reinigung von Dachrinnen und Regenrinnen, Haushaltsaufl\u00f6sung, B\u00fcro- [&hellip;]<\/p>\n","protected":false},"author":1,"featured_media":0,"parent":0,"menu_order":0,"comment_status":"closed","ping_status":"closed","template":"","meta":{"om_disable_all_campaigns":false,"_monsterinsights_skip_tracking":false,"_monsterinsights_sitenote_active":false,"_monsterinsights_sitenote_note":"","_monsterinsights_sitenote_category":0,"site-sidebar-layout":"no-sidebar","site-content-layout":"page-builder","ast-site-content-layout":"default","site-content-style":"default","site-sidebar-style":"default","ast-global-header-display":"","ast-banner-title-visibility":"","ast-main-header-display":"","ast-hfb-above-header-display":"","ast-hfb-below-header-display":"","ast-hfb-mobile-header-display":"","site-post-title":"disabled","ast-breadcrumbs-content":"","ast-featured-img":"disabled","footer-sml-layout":"","ast-disable-related-posts":"","theme-transparent-header-meta":"","adv-header-id-meta":"","stick-header-meta":"","header-above-stick-meta":"","header-main-stick-meta":"","header-below-stick-meta":"","astra-migrate-meta-layouts":"default","ast-page-background-enabled":"default","ast-page-background-meta":{"desktop":{"background-color":"var(--ast-global-color-4)","background-image":"","background-repeat":"repeat","background-position":"center center","background-size":"auto","background-attachment":"scroll","background-type":"","background-media":"","overlay-type":"","overlay-color":"","overlay-opacity":"","overlay-gradient":""},"tablet":{"background-color":"","background-image":"","background-repeat":"repeat","background-position":"center center","background-size":"auto","background-attachment":"scroll","background-type":"","background-media":"","overlay-type":"","overlay-color":"","overlay-opacity":"","overlay-gradient":""},"mobile":{"background-color":"","background-image":"","background-repeat":"repeat","background-position":"center center","background-size":"auto","background-attachment":"scroll","background-type":"","background-media":"","overlay-type":"","overlay-color":"","overlay-opacity":"","overlay-gradient":""}},"ast-content-background-meta":{"desktop":{"background-color":"var(--ast-global-color-5)","background-image":"","background-repeat":"repeat","background-position":"center center","background-size":"auto","background-attachment":"scroll","background-type":"","background-media":"","overlay-type":"","overlay-color":"","overlay-opacity":"","overlay-gradient":""},"tablet":{"background-color":"var(--ast-global-color-5)","background-image":"","background-repeat":"repeat","background-position":"center center","background-size":"auto","background-attachment":"scroll","background-type":"","background-media":"","overlay-type":"","overlay-color":"","overlay-opacity":"","overlay-gradient":""},"mobile":{"background-color":"var(--ast-global-color-5)","background-image":"","background-repeat":"repeat","background-position":"center center","background-size":"auto","background-attachment":"scroll","background-type":"","background-media":"","overlay-type":"","overlay-color":"","overlay-opacity":"","overlay-gradient":""}},"footnotes":""},"class_list":["post-73","page","type-page","status-publish","hentry"],"yoast_head":"<!-- This site is optimized with the Yoast SEO plugin v27.3 - https:\/\/yoast.com\/product\/yoast-seo-wordpress\/ -->\n<title>\u00dcber uns - Shahham f\u00fcr Geb\u00e4udereinigung<\/title>\n<meta name=\"robots\" content=\"index, follow, max-snippet:-1, max-image-preview:large, max-video-preview:-1\" \/>\n<link rel=\"canonical\" href=\"https:\/\/xn--gebudereinigung-shahham-x7b.de\/index.php\/uber-uns\/\" \/>\n<meta property=\"og:locale\" content=\"en_US\" \/>\n<meta property=\"og:type\" content=\"article\" \/>\n<meta property=\"og:title\" content=\"\u00dcber uns - Shahham f\u00fcr Geb\u00e4udereinigung\" \/>\n<meta property=\"og:description\" content=\"\u00dcber Uns Shahham f\u00fcr Geb\u00e4udereinigung Shahham f\u00fcr Geb\u00e4udereinigung ist Ihr professioneller Geb\u00e4udereinigungsdienstleister. Wir bieten Ihnen einen umfassenden Service f\u00fcr alle Arten von Reinigungen. Unser Angebot umfasst individuelle Reinigungsl\u00f6sungen, die auf Ihre spezifischen Bed\u00fcrfnisse zugeschnitten sind. Zu unseren Leistungen geh\u00f6ren Geb\u00e4udereinigung, Endreinigung, Zwischenreinigung, Wohnungs- und Unterhaltsreinigung, Winterdienst und Schneer\u00e4umung, Reinigung von Dachrinnen und Regenrinnen, Haushaltsaufl\u00f6sung, B\u00fcro- [&hellip;]\" \/>\n<meta property=\"og:url\" content=\"https:\/\/xn--gebudereinigung-shahham-x7b.de\/index.php\/uber-uns\/\" \/>\n<meta property=\"og:site_name\" content=\"Shahham f\u00fcr Geb\u00e4udereinigung\" \/>\n<meta property=\"article:modified_time\" content=\"2023-04-01T07:32:46+00:00\" \/>\n<meta property=\"og:image\" content=\"https:\/\/xn--gebudereinigung-shahham-x7b.de\/wp-content\/uploads\/2023\/03\/PHOTO-2023-03-19-13-01-58.jpg\" \/>\n<meta name=\"twitter:card\" content=\"summary_large_image\" \/>\n<script type=\"application\/ld+json\" class=\"yoast-schema-graph\">{\"@context\":\"https:\\\/\\\/schema.org\",\"@graph\":[{\"@type\":\"WebPage\",\"@id\":\"https:\\\/\\\/xn--gebudereinigung-shahham-x7b.de\\\/index.php\\\/uber-uns\\\/\",\"url\":\"https:\\\/\\\/xn--gebudereinigung-shahham-x7b.de\\\/index.php\\\/uber-uns\\\/\",\"name\":\"\u00dcber uns - Shahham f\u00fcr Geb\u00e4udereinigung\",\"isPartOf\":{\"@id\":\"https:\\\/\\\/xn--gebudereinigung-shahham-x7b.de\\\/#website\"},\"primaryImageOfPage\":{\"@id\":\"https:\\\/\\\/xn--gebudereinigung-shahham-x7b.de\\\/index.php\\\/uber-uns\\\/#primaryimage\"},\"image\":{\"@id\":\"https:\\\/\\\/xn--gebudereinigung-shahham-x7b.de\\\/index.php\\\/uber-uns\\\/#primaryimage\"},\"thumbnailUrl\":\"https:\\\/\\\/xn--gebudereinigung-shahham-x7b.de\\\/wp-content\\\/uploads\\\/2023\\\/03\\\/PHOTO-2023-03-19-13-01-58.jpg\",\"datePublished\":\"2023-03-15T14:28:50+00:00\",\"dateModified\":\"2023-04-01T07:32:46+00:00\",\"breadcrumb\":{\"@id\":\"https:\\\/\\\/xn--gebudereinigung-shahham-x7b.de\\\/index.php\\\/uber-uns\\\/#breadcrumb\"},\"inLanguage\":\"en-US\",\"potentialAction\":[{\"@type\":\"ReadAction\",\"target\":[\"https:\\\/\\\/xn--gebudereinigung-shahham-x7b.de\\\/index.php\\\/uber-uns\\\/\"]}]},{\"@type\":\"ImageObject\",\"inLanguage\":\"en-US\",\"@id\":\"https:\\\/\\\/xn--gebudereinigung-shahham-x7b.de\\\/index.php\\\/uber-uns\\\/#primaryimage\",\"url\":\"https:\\\/\\\/xn--gebudereinigung-shahham-x7b.de\\\/wp-content\\\/uploads\\\/2023\\\/03\\\/PHOTO-2023-03-19-13-01-58.jpg\",\"contentUrl\":\"https:\\\/\\\/xn--gebudereinigung-shahham-x7b.de\\\/wp-content\\\/uploads\\\/2023\\\/03\\\/PHOTO-2023-03-19-13-01-58.jpg\",\"width\":1024,\"height\":896},{\"@type\":\"BreadcrumbList\",\"@id\":\"https:\\\/\\\/xn--gebudereinigung-shahham-x7b.de\\\/index.php\\\/uber-uns\\\/#breadcrumb\",\"itemListElement\":[{\"@type\":\"ListItem\",\"position\":1,\"name\":\"Home\",\"item\":\"https:\\\/\\\/xn--gebudereinigung-shahham-x7b.de\\\/\"},{\"@type\":\"ListItem\",\"position\":2,\"name\":\"\u00dcber uns\"}]},{\"@type\":\"WebSite\",\"@id\":\"https:\\\/\\\/xn--gebudereinigung-shahham-x7b.de\\\/#website\",\"url\":\"https:\\\/\\\/xn--gebudereinigung-shahham-x7b.de\\\/\",\"name\":\"Shahham F\u00fcr Geb\u00e4udereinigung\",\"description\":\"Shahham f\u00fcr Geb\u00e4udereinigung ist Ihr professioneller Geb\u00e4udereinigungsdienstleister. Wir bieten Ihnen einen umfassenden Service f\u00fcr alle Arten von Reinigungen\",\"publisher\":{\"@id\":\"https:\\\/\\\/xn--gebudereinigung-shahham-x7b.de\\\/#organization\"},\"potentialAction\":[{\"@type\":\"SearchAction\",\"target\":{\"@type\":\"EntryPoint\",\"urlTemplate\":\"https:\\\/\\\/xn--gebudereinigung-shahham-x7b.de\\\/?s={search_term_string}\"},\"query-input\":{\"@type\":\"PropertyValueSpecification\",\"valueRequired\":true,\"valueName\":\"search_term_string\"}}],\"inLanguage\":\"en-US\"},{\"@type\":\"Organization\",\"@id\":\"https:\\\/\\\/xn--gebudereinigung-shahham-x7b.de\\\/#organization\",\"name\":\"Shahham F\u00fcr Geb\u00e4udereinigung\",\"url\":\"https:\\\/\\\/xn--gebudereinigung-shahham-x7b.de\\\/\",\"logo\":{\"@type\":\"ImageObject\",\"inLanguage\":\"en-US\",\"@id\":\"https:\\\/\\\/xn--gebudereinigung-shahham-x7b.de\\\/#\\\/schema\\\/logo\\\/image\\\/\",\"url\":\"https:\\\/\\\/xn--gebudereinigung-shahham-x7b.de\\\/wp-content\\\/uploads\\\/2023\\\/03\\\/559D9918-3B2D-4F88-B318-41294622A6E7.png\",\"contentUrl\":\"https:\\\/\\\/xn--gebudereinigung-shahham-x7b.de\\\/wp-content\\\/uploads\\\/2023\\\/03\\\/559D9918-3B2D-4F88-B318-41294622A6E7.png\",\"width\":648,\"height\":1012,\"caption\":\"Shahham F\u00fcr Geb\u00e4udereinigung\"},\"image\":{\"@id\":\"https:\\\/\\\/xn--gebudereinigung-shahham-x7b.de\\\/#\\\/schema\\\/logo\\\/image\\\/\"}}]}<\/script>\n<!-- \/ Yoast SEO plugin. -->","yoast_head_json":{"title":"\u00dcber uns - Shahham f\u00fcr Geb\u00e4udereinigung","robots":{"index":"index","follow":"follow","max-snippet":"max-snippet:-1","max-image-preview":"max-image-preview:large","max-video-preview":"max-video-preview:-1"},"canonical":"https:\/\/xn--gebudereinigung-shahham-x7b.de\/index.php\/uber-uns\/","og_locale":"en_US","og_type":"article","og_title":"\u00dcber uns - Shahham f\u00fcr Geb\u00e4udereinigung","og_description":"\u00dcber Uns Shahham f\u00fcr Geb\u00e4udereinigung Shahham f\u00fcr Geb\u00e4udereinigung ist Ihr professioneller Geb\u00e4udereinigungsdienstleister. Wir bieten Ihnen einen umfassenden Service f\u00fcr alle Arten von Reinigungen. Unser Angebot umfasst individuelle Reinigungsl\u00f6sungen, die auf Ihre spezifischen Bed\u00fcrfnisse zugeschnitten sind. Zu unseren Leistungen geh\u00f6ren Geb\u00e4udereinigung, Endreinigung, Zwischenreinigung, Wohnungs- und Unterhaltsreinigung, Winterdienst und Schneer\u00e4umung, Reinigung von Dachrinnen und Regenrinnen, Haushaltsaufl\u00f6sung, B\u00fcro- [&hellip;]","og_url":"https:\/\/xn--gebudereinigung-shahham-x7b.de\/index.php\/uber-uns\/","og_site_name":"Shahham f\u00fcr Geb\u00e4udereinigung","article_modified_time":"2023-04-01T07:32:46+00:00","og_image":[{"url":"https:\/\/xn--gebudereinigung-shahham-x7b.de\/wp-content\/uploads\/2023\/03\/PHOTO-2023-03-19-13-01-58.jpg","type":"","width":"","height":""}],"twitter_card":"summary_large_image","schema":{"@context":"https:\/\/schema.org","@graph":[{"@type":"WebPage","@id":"https:\/\/xn--gebudereinigung-shahham-x7b.de\/index.php\/uber-uns\/","url":"https:\/\/xn--gebudereinigung-shahham-x7b.de\/index.php\/uber-uns\/","name":"\u00dcber uns - Shahham f\u00fcr Geb\u00e4udereinigung","isPartOf":{"@id":"https:\/\/xn--gebudereinigung-shahham-x7b.de\/#website"},"primaryImageOfPage":{"@id":"https:\/\/xn--gebudereinigung-shahham-x7b.de\/index.php\/uber-uns\/#primaryimage"},"image":{"@id":"https:\/\/xn--gebudereinigung-shahham-x7b.de\/index.php\/uber-uns\/#primaryimage"},"thumbnailUrl":"https:\/\/xn--gebudereinigung-shahham-x7b.de\/wp-content\/uploads\/2023\/03\/PHOTO-2023-03-19-13-01-58.jpg","datePublished":"2023-03-15T14:28:50+00:00","dateModified":"2023-04-01T07:32:46+00:00","breadcrumb":{"@id":"https:\/\/xn--gebudereinigung-shahham-x7b.de\/index.php\/uber-uns\/#breadcrumb"},"inLanguage":"en-US","potentialAction":[{"@type":"ReadAction","target":["https:\/\/xn--gebudereinigung-shahham-x7b.de\/index.php\/uber-uns\/"]}]},{"@type":"ImageObject","inLanguage":"en-US","@id":"https:\/\/xn--gebudereinigung-shahham-x7b.de\/index.php\/uber-uns\/#primaryimage","url":"https:\/\/xn--gebudereinigung-shahham-x7b.de\/wp-content\/uploads\/2023\/03\/PHOTO-2023-03-19-13-01-58.jpg","contentUrl":"https:\/\/xn--gebudereinigung-shahham-x7b.de\/wp-content\/uploads\/2023\/03\/PHOTO-2023-03-19-13-01-58.jpg","width":1024,"height":896},{"@type":"BreadcrumbList","@id":"https:\/\/xn--gebudereinigung-shahham-x7b.de\/index.php\/uber-uns\/#breadcrumb","itemListElement":[{"@type":"ListItem","position":1,"name":"Home","item":"https:\/\/xn--gebudereinigung-shahham-x7b.de\/"},{"@type":"ListItem","position":2,"name":"\u00dcber uns"}]},{"@type":"WebSite","@id":"https:\/\/xn--gebudereinigung-shahham-x7b.de\/#website","url":"https:\/\/xn--gebudereinigung-shahham-x7b.de\/","name":"Shahham F\u00fcr Geb\u00e4udereinigung","description":"Shahham f\u00fcr Geb\u00e4udereinigung ist Ihr professioneller Geb\u00e4udereinigungsdienstleister. Wir bieten Ihnen einen umfassenden Service f\u00fcr alle Arten von Reinigungen","publisher":{"@id":"https:\/\/xn--gebudereinigung-shahham-x7b.de\/#organization"},"potentialAction":[{"@type":"SearchAction","target":{"@type":"EntryPoint","urlTemplate":"https:\/\/xn--gebudereinigung-shahham-x7b.de\/?s={search_term_string}"},"query-input":{"@type":"PropertyValueSpecification","valueRequired":true,"valueName":"search_term_string"}}],"inLanguage":"en-US"},{"@type":"Organization","@id":"https:\/\/xn--gebudereinigung-shahham-x7b.de\/#organization","name":"Shahham F\u00fcr Geb\u00e4udereinigung","url":"https:\/\/xn--gebudereinigung-shahham-x7b.de\/","logo":{"@type":"ImageObject","inLanguage":"en-US","@id":"https:\/\/xn--gebudereinigung-shahham-x7b.de\/#\/schema\/logo\/image\/","url":"https:\/\/xn--gebudereinigung-shahham-x7b.de\/wp-content\/uploads\/2023\/03\/559D9918-3B2D-4F88-B318-41294622A6E7.png","contentUrl":"https:\/\/xn--gebudereinigung-shahham-x7b.de\/wp-content\/uploads\/2023\/03\/559D9918-3B2D-4F88-B318-41294622A6E7.png","width":648,"height":1012,"caption":"Shahham F\u00fcr Geb\u00e4udereinigung"},"image":{"@id":"https:\/\/xn--gebudereinigung-shahham-x7b.de\/#\/schema\/logo\/image\/"}}]}},"_links":{"self":[{"href":"https:\/\/xn--gebudereinigung-shahham-x7b.de\/index.php\/wp-json\/wp\/v2\/pages\/73","targetHints":{"allow":["GET"]}}],"collection":[{"href":"https:\/\/xn--gebudereinigung-shahham-x7b.de\/index.php\/wp-json\/wp\/v2\/pages"}],"about":[{"href":"https:\/\/xn--gebudereinigung-shahham-x7b.de\/index.php\/wp-json\/wp\/v2\/types\/page"}],"author":[{"embeddable":true,"href":"https:\/\/xn--gebudereinigung-shahham-x7b.de\/index.php\/wp-json\/wp\/v2\/users\/1"}],"replies":[{"embeddable":true,"href":"https:\/\/xn--gebudereinigung-shahham-x7b.de\/index.php\/wp-json\/wp\/v2\/comments?post=73"}],"version-history":[{"count":23,"href":"https:\/\/xn--gebudereinigung-shahham-x7b.de\/index.php\/wp-json\/wp\/v2\/pages\/73\/revisions"}],"predecessor-version":[{"id":263,"href":"https:\/\/xn--gebudereinigung-shahham-x7b.de\/index.php\/wp-json\/wp\/v2\/pages\/73\/revisions\/263"}],"wp:attachment":[{"href":"https:\/\/xn--gebudereinigung-shahham-x7b.de\/index.php\/wp-json\/wp\/v2\/media?parent=73"}],"curies":[{"name":"wp","href":"https:\/\/api.w.org\/{rel}","templated":true}]}}